{"id":3478,"date":"2020-03-11T16:37:54","date_gmt":"2020-03-11T16:37:54","guid":{"rendered":"https:\/\/www.liceulprometeuprotalent.md\/?page_id=3478"},"modified":"2024-04-11T11:14:02","modified_gmt":"2024-04-11T11:14:02","slug":"despre-noi","status":"publish","type":"page","link":"https:\/\/www.liceulprometeuprotalent.md\/?page_id=3478","title":{"rendered":"Despre Noi"},"content":{"rendered":"<div class=\"fusion-fullwidth fullwidth-box fusion-builder-row-1 nonhundred-percent-fullwidth non-hundred-percent-height-scrolling\" style=\"background-color: #ffffff;background-position: center center;background-repeat: no-repeat;padding-top:0px;padding-right:0px;padding-bottom:0px;padding-left:0px;margin-bottom: 0px;margin-top: 0px;border-width: 0px 0px 0px 0px;border-color:#eae9e9;border-style:solid;\" ><div class=\"fusion-builder-row fusion-row\"><div class=\"fusion-layout-column fusion_builder_column fusion-builder-column-0 fusion_builder_column_1_1 1_1 fusion-one-full fusion-column-first fusion-column-last\" style=\"margin-top:0px;margin-bottom:0px;\"><div class=\"fusion-column-wrapper fusion-flex-column-wrapper-legacy\" style=\"background-position:left top;background-repeat:no-repeat;-webkit-background-size:cover;-moz-background-size:cover;-o-background-size:cover;background-size:cover;padding: 0px 0px 0px 0px;\"><div class=\"fusion-text fusion-text-1\"><h3 class=\"fusion-responsive-typography-calculated\" style=\"text-align: center;\" data-fontsize=\"20\" data-lineheight=\"29px\"><strong>DATE GENERALE DESPRE LICEU<\/strong><\/h3>\n<p>Liceul \u201ePrometeu\u201d a fost \u00eenfiin\u0163at \u00een anul 1991, prin Hot\u0103r\u00e2rea de Guvern nr. 473 din 29 august, la ini\u021biativa Asocia\u021biei de Crea\u021bie \u201eTOCONO\u201d (\u201eTotul Copiilor No\u0219tri\u201d), fondat\u0103 de Aurelian Silvestru, doctor \u00een psihologie, scriitor. Conform articolului 1 al Hot\u0103r\u00e2rii men\u0163ionate, Asocia\u021bia de Crea\u021bie \u201eTOCONO\u201d \u00ee\u0219i asum\u0103 atribu\u021bii de fondator, privind deschiderea de la 1 septembrie 1991 \u00een or.Chi\u0219in\u0103u a unui liceu experimental de creativitate \u0219i inventic\u0103, cu statut de institu\u021bie privat\u0103.<br \/>\n\u00cen prealabil, la 12 mai 1991, Aurelian Silvestru a ob\u021binut acordul \u00een scris al Domnului Mircea Snegur, Pre\u0219edinte al Republicii Moldova, deoarece, la acea dat\u0103, nu exista un cadru juridic legal care s\u0103 permit\u0103 activitatea \u0219colilor private, iar Ministerul \u00cenv\u0103\u021b\u0103m\u00e2ntului nu avea dreptul s\u0103 aprobe \u00eenfiin\u021barea unei astfel de institu\u021bii, f\u0103r\u0103 avizul pozitiv al pre\u0219edintelui.<br \/>\nAstfel, Liceul de Creativitate \u0219i Inventic\u0103 \u201ePrometeu\u201d a devenit prima institu\u021bie preuniversitar\u0103 privat\u0103 din Republica Moldova.<br \/>\nSuportul teoretic al \u00eenfiin\u0163\u0103rii Liceului a fost \u201e<em>Concep\u0163ia dezvolt\u0103rii personalit\u0103\u0163ii elevului \u00een condi\u0163iile \u00eenv\u0103\u0163\u0103m\u00e2ntului de alternativ\u0103<\/em>\u201d, elaborat\u0103 de Aurelian Silvestru \u2013 concep\u021bie discutat\u0103 \u0219i aprobat\u0103 la Colegiul Ministerului \u00cenv\u0103\u021b\u0103m\u00e2ntului din 14 februarie 1990, cu permisiunea aplic\u0103rii ei \u00een practic\u0103.<br \/>\n\u00cen perioada 1991-2001, Liceul \u201ePrometeu\u201d s-a extins, construindu-\u0219i din temelie propria baz\u0103 material\u0103 pe str. Nicolae Iorga, 1 \u0219i 2 \u0219i pe str. A. \u0218ciusev, 117. Toate construc\u021biile (blocuri de studii \u0219i cl\u0103diri auxiliare) au fost edificate \u00een temeiul sugestiilor \u0219i schi\u021belor arhitecturale concepute de Aurelian Silvestru. Pentru prima dat\u0103 \u00een Republica Moldova, \u00een curtea Liceului a fost \u00een\u0103l\u021bat\u0103 \u0219i o biseric\u0103, predarea religiei (o or\u0103 pe s\u0103pt\u0103m\u00e2n\u0103 \u00een clasele primare) fiind introdus\u0103 \u00eenc\u0103 din primele zile ale func\u021bion\u0103rii institu\u021biei.<br \/>\nO alt\u0103 particularitate inovatoare a Liceului \u201ePrometeu\u201d a fost angajarea (prin deta\u0219are) a unor cadre didactice din Rom\u00e2nia \u2013 fapt ce a contribuit la modernizarea procesului educa\u021bional \u0219i la integrarea celor dou\u0103 sisteme de \u00eenv\u0103\u021b\u0103m\u00e2nt \u00een temeiul unui vast schimb de experien\u021b\u0103 realizat, inclusiv, prin numeroase parteneriate didactice.<br \/>\n\u00cen anul \u00a02001, Liceul \u201ePrometeu\u201d a fost \u00eenregistrat \u00een Registrul de Stat al Republicii Moldova ca societate cu r\u0103spundere limitat\u0103, accept\u00e2nd \u00een calitate de Asocia\u021bi, al\u0103turi de Firma de Crea\u021bie \u201eTOCONO\u201d, alte dou\u0103 organiza\u021bii: \u201ePlanta-Vin\u201d S.R.L. \u0219i \u201eA.F.N.\u201d S.R.L.<br \/>\nConform\u00e2ndu-se cu legisla\u0163ia \u00een vigoare care cerea reorganizarea liceelor private din societ\u0103\u0163i cu r\u0103spundere limitat\u0103 \u00een institu\u0163ii de \u00eenv\u0103\u0163\u0103m\u00e2nt, la 29.06.2006, Liceul \u201ePrometeu\u201d a fost reorganizat \u00een Institu\u021bia privat\u0103 de \u00cenv\u0103\u021b\u0103m\u00e2nt Liceul de Creativitate \u0219i Inventic\u0103 \u201ePrometeu-Prim\u201d, av\u00e2nd aceea\u0219i baz\u0103 material\u0103, acela\u0219i corp didactic \u0219i acela\u0219i contingent de elevi.<br \/>\n\u00cen octombrie 2007, Liceul \u201ePrometeu\u201d a fost supus acredit\u0103rii de c\u0103tre Comisia Republican\u0103 de evaluare \u015fi acreditare \u015fi, \u00een baza Deciziei Colegiului MET, a ob\u0163inut statutul de institu\u0163ie acreditat\u0103 cu dreptul de prestare a serviciilor \u00een \u00eenv\u0103\u0163\u0103m\u00e2ntul pre\u015fcolar, primar, gimnazial \u015fi liceal.<br \/>\nLa 07 decembrie 2010, Liceul a fost dezmembrat, prin separare, \u00een dou\u0103 institu\u021bii de \u00eenv\u0103\u021b\u0103m\u00e2nt autonome: Liceul \u201ePrometeu-Prim\u201d \u0219i \u0218coala primar\u0103 de Creativitate \u0219i Inventic\u0103 \u201ePrometeu-Junior\u201d.<br \/>\nUlterior, la 03 iulie 2019, \u0218coala primar\u0103 \u201ePrometeu-Junior\u201d \u0219i-a extins genurile de activitate \u0219i, cu aprobarea Ministerului Educa\u021biei, Culturii \u0219i Cercet\u0103rii al Republicii Moldova, a fost \u00eenregistrat\u0103 la Agen\u021bia Servicii Publice sub nr. IDNO 1010620008990, cu denumirea: Institu\u021bia Privat\u0103 Liceul de Creativitate \u0219i Inventic\u0103 \u201ePrometeu-Protalent\u201d, av\u00e2nd \u00een calitate de unic fondator Firma de Crea\u021bie \u201eTOCONO\u201d (cu 100%), beneficiarul efectiv al institu\u021biei fiind Aurelian Silvestru.<br \/>\nBaza juridic\u0103 a func\u021bion\u0103rii Liceului \u201ePrometeu-Protalent\u201d o constituie \u201eStatutul\u201d institu\u021biei, \u00eenregistrat sub nr.4834 din 03.07.2019 \u0219i avizat de Ministerul Educa\u021biei, Culturii \u0219i Cercet\u0103rii.<br \/>\nStatutul stabile\u0219te cadrul juridic\u00a0 al raporturilor privind organizarea, func\u021bionarea \u0219i dezvoltarea institu\u021biei, stipul\u00e2nd principalele sarcini \u0219i metode de realizare. Printre acestea:<br \/>\n\u2013 dezvoltarea multilateral\u0103 a personalit\u0103\u0163ii copilului, a capacit\u0103\u0163ilor sale fizice \u015fi spirituale la nivelul unui poten\u0163ial maximal;<br \/>\n\u2013 formarea con\u015ftiin\u0163ei \u015fi identit\u0103\u0163ii na\u0163ionale, promovarea valorilor general-umane \u015fi a aspira\u0163iilor de integrare european\u0103 a societ\u0103\u0163ii;<br \/>\n\u2013 cultivarea respectului pentru drepturile \u015fi libert\u0103\u0163ile omului, indiferent de apartenen\u0163a lui etnic\u0103, de provenien\u0163a social\u0103 \u015fi atitudinea sa fa\u0163\u0103 de religie;<br \/>\n\u2013 stimularea \u015fi dezvoltarea aptitudinilor creatoare (generale \u015fi a celor speciale);<br \/>\n\u2013 preg\u0103tirea copilului \u00een spiritul moralei cre\u0219tin-ortodoxe, a \u00een\u0163elegerii, toleran\u0163ei \u0219i prieteniei \u00eentre toate popoarele \u015fi grupurile etnice, na\u0163ionale \u015fi religioase;<br \/>\n\u2013 cultivarea necesit\u0103\u0163ii de a munci pentru binele poporului \u015fi al celui personal, a stimei fa\u0163\u0103 de cei care produc bunuri materiale \u015fi spirituale;<br \/>\n\u2013 educarea respectului fa\u0163\u0103 de p\u0103rin\u0163i, fa\u0163\u0103 de identitatea na\u0163ional\u0103, limba rom\u00e2n\u0103 \u015fi valorile culturale ale poporului rom\u00e2n, precum \u015fi fa\u0163\u0103 de cultura \u015fi tradi\u0163iile altor civiliza\u0163ii;<\/p>\n<p>\u2013 cultivarea responsabilit\u0103\u0163ii fa\u0163\u0103 de mediul \u00eenconjur\u0103tor, formarea con\u015ftiin\u0163ei ecologice;<br \/>\n\u2013 asigurarea unei preg\u0103tiri fizice multilaterale, formarea necesit\u0103\u0163ii de practicare a culturii fizice \u015fi sportului pe parcursul \u00eentregii vie\u0163i;<br \/>\n\u2013 educarea competen\u0163elor de comunicare \u00een dou\u0103 sau mai multe limbi str\u0103ine;<br \/>\n\u2013 educarea competen\u0163elor antreprenoriale \u015fi a spiritului de ini\u0163iativ\u0103;<br \/>\n\u2013 inocularea necesit\u0103\u0163ii de a se perfec\u0163iona \u015fi a \u00eenv\u0103\u0163a pe parcursul \u00eentregii vie\u0163i.<\/p>\n<\/div><div class=\"fusion-clearfix\"><\/div><\/div><\/div><\/div><\/div>\n","protected":false},"excerpt":{"rendered":"","protected":false},"author":1,"featured_media":0,"parent":0,"menu_order":0,"comment_status":"closed","ping_status":"closed","template":"","meta":{"_price":"","_stock":"","_tribe_ticket_header":"","_tribe_default_ticket_provider":"","_tribe_ticket_capacity":"0","_ticket_start_date":"","_ticket_end_date":"","_tribe_ticket_show_description":"","_tribe_ticket_show_not_going":false,"_tribe_ticket_use_global_stock":"","_tribe_ticket_global_stock_level":"","_global_stock_mode":"","_global_stock_cap":"","_tribe_rsvp_for_event":"","_tribe_ticket_going_count":"","_tribe_ticket_not_going_count":"","_tribe_tickets_list":"[]","_tribe_ticket_has_attendee_info_fields":false,"footnotes":""},"class_list":["post-3478","page","type-page","status-publish","hentry"],"ticketed":false,"_links":{"self":[{"href":"https:\/\/www.liceulprometeuprotalent.md\/index.php?rest_route=\/wp\/v2\/pages\/3478","targetHints":{"allow":["GET"]}}],"collection":[{"href":"https:\/\/www.liceulprometeuprotalent.md\/index.php?rest_route=\/wp\/v2\/pages"}],"about":[{"href":"https:\/\/www.liceulprometeuprotalent.md\/index.php?rest_route=\/wp\/v2\/types\/page"}],"author":[{"embeddable":true,"href":"https:\/\/www.liceulprometeuprotalent.md\/index.php?rest_route=\/wp\/v2\/users\/1"}],"replies":[{"embeddable":true,"href":"https:\/\/www.liceulprometeuprotalent.md\/index.php?rest_route=%2Fwp%2Fv2%2Fcomments&post=3478"}],"version-history":[{"count":7,"href":"https:\/\/www.liceulprometeuprotalent.md\/index.php?rest_route=\/wp\/v2\/pages\/3478\/revisions"}],"predecessor-version":[{"id":7620,"href":"https:\/\/www.liceulprometeuprotalent.md\/index.php?rest_route=\/wp\/v2\/pages\/3478\/revisions\/7620"}],"wp:attachment":[{"href":"https:\/\/www.liceulprometeuprotalent.md\/index.php?rest_route=%2Fwp%2Fv2%2Fmedia&parent=3478"}],"curies":[{"name":"wp","href":"https:\/\/api.w.org\/{rel}","templated":true}]}}