{"id":3810,"date":"2020-09-10T12:36:48","date_gmt":"2020-09-10T12:36:48","guid":{"rendered":"https:\/\/www.liceulprometeuprotalent.md\/?page_id=3810"},"modified":"2020-11-12T11:53:01","modified_gmt":"2020-11-12T11:53:01","slug":"portret-in-timp","status":"publish","type":"page","link":"https:\/\/www.liceulprometeuprotalent.md\/?page_id=3810","title":{"rendered":"Portret \u00een timp"},"content":{"rendered":"<div class=\"fusion-fullwidth fullwidth-box fusion-builder-row-1 nonhundred-percent-fullwidth non-hundred-percent-height-scrolling\" style=\"background-color: #ffffff;background-position: center center;background-repeat: no-repeat;padding-top:0px;padding-right:0px;padding-bottom:0px;padding-left:0px;margin-bottom: 0px;margin-top: 0px;border-width: 0px 0px 0px 0px;border-color:#eae9e9;border-style:solid;\" ><div class=\"fusion-builder-row fusion-row\"><div class=\"fusion-layout-column fusion_builder_column fusion-builder-column-0 fusion_builder_column_1_1 1_1 fusion-one-full fusion-column-first fusion-column-last\" style=\"margin-top:0px;margin-bottom:0px;\"><div class=\"fusion-column-wrapper fusion-flex-column-wrapper-legacy\" style=\"background-position:left top;background-repeat:no-repeat;-webkit-background-size:cover;-moz-background-size:cover;-o-background-size:cover;background-size:cover;padding: 0px 0px 0px 0px;\"><div class=\"fusion-text fusion-text-1\"><p style=\"color: black; text-align: center;\"><span style=\"font-size: 14pt;\"><strong>ZECE \u00ceNTREB\u0102RI PENTRU UN OM DE \u201eZECE\u201d<\/strong><\/span><\/p>\n<p style=\"color: black; text-align: left;\"><span style=\"font-size: 14pt;\">\u00a0 \u00a0 \u00a0 \u00a0 \u00a0Toamna miezoas\u0103 a aromelor coapte reveleaz\u0103 bucuria cuminte a p\u0103m\u00e2ntului care-\u0219i vede rodul p\u00e2rguit. \u00cen armonia firii care se a\u0219az\u0103 pe temelii de piatr\u0103 se b\u0103nuiesc intui\u021bii, c\u0103ut\u0103ri, zbateri, reg\u0103siri, \u00eencerc\u0103ri \u0219i dezleg\u0103ri ce definesc un drum mereu spre centru. Care este centrul Lumii, care este centrul Sinelui, cum s\u0103 nu r\u0103t\u0103cim Calea? Vom \u00eencerca s\u0103 descoperim aceste taine existen\u021biale \u00een dialog cu domnul Aurelian Silvestru, directorul-fondator al Liceului \u201ePrometeu-Protalent\u201d, doctor \u00een psihologie, Cavaler al ,,Ordinul Republicii&#8221;, Cavaler al Ordinul Rom\u00e2niei ,,Meritul Cultural&#8221;, pe care noi, Andreea Mahu, M\u0103d\u0103lina Hachi \u0219i Cristiana Medeleanu, eleve \u00een clasa a XI-a, l-am invitat la o or\u0103 a confesiunii, descifr\u00e2nd originile optimismului, ale ideilor \u0219i faptelor ce \u00eel consacr\u0103 ca personalitate de \u201ezece\u201d.<\/span><br \/>\n<span style=\"font-size: 14pt;\"><span style=\"color: black;\">\u00a0 \u00a0 <strong>\u2013 Domnule Director, din martie, \u0219coala din lumea \u00eentreag\u0103 se confrunt\u0103 cu mari provoc\u0103ri, pe care, se pare, nimeni nu le-a intuit. <\/strong><\/span><strong>Ce p\u0103rere ave\u021bi despre \u00eenv\u0103\u021b\u0103m\u00e2ntul de ast\u0103zi?<\/strong><\/span><\/p>\n<p style=\"color: black; text-align: left;\"><span style=\"font-size: 14pt;\">\u2013 \u00cenv\u0103\u021b\u0103m\u00e2ntul e domeniul \u00een care ai ocazia s\u0103 te \u00eent\u00e2lne\u0219ti cu cel mai important om din via\u021ba tuturor \u2013 cu \u00cenv\u0103\u021b\u0103torul. \u00cen Japonia exist\u0103 o tradi\u021bie: c\u00e2nd \u00eemp\u0103ratul intr\u0103 \u00eentr-o sal\u0103 plin\u0103 de oameni, to\u021bi trebuie s\u0103 se ridice \u00een picioare. O singur\u0103 persoan\u0103 are dreptul s\u0103 stea a\u0219ezat\u0103 \u2013 \u00cenv\u0103\u021b\u0103torul, deoarece \u00eemp\u0103ra\u021bii niponi, fiind \u00een\u021belep\u021bi, consider\u0103 c\u0103, dac\u0103 n-ar fi existat profesori, n-ar fi existat nici \u00eemp\u0103ra\u021bi, deci \u00eenv\u0103\u021b\u0103torii sunt \u00a0mai importan\u021bi, dec\u00e2t \u00eemp\u0103ra\u021bii lumii. <em>\u00cen \u00eenv\u0103\u021b\u0103m\u00e2ntul nostru exist\u0103 profesori c\u0103rora trebuie s\u0103 le mul\u021bume\u0219ti \u0219i s\u0103 le s\u0103ru\u021bi m\u00e2na!<br \/>\n<\/em>C\u00e2nd a venit pandemia peste noi, ministerul ne-a \u00eenvestit cu responsabilitatea de a decide modalitatea de desf\u0103\u0219urare a procesului educa\u021bional. Ce bine ar fi ca aceast\u0103 libertate s\u0103 ne fie oferit\u0103 \u00een c\u00e2t mai multe situa\u021bii!<\/span><br \/>\n<span style=\"font-size: 14pt;\">\u00a0 \u00a0 \u00a0 \u00a0 \u00a0<strong> &#8211; Ce a stat \u00een spatele dorin\u021bei de a \u00eembr\u0103\u021bi\u0219a pedagogia, psihologia \u0219i arta? Ce leg\u0103tur\u0103 exist\u0103 \u00eentre aceste voca\u021bii?<br \/>\n<\/strong>\u00a0 \u00a0 \u00a0 \u00a0\u2013 Omul este cea mai mare valoare social\u0103, o valoare \u00een continu\u0103 formare. Apare \u00een familie, se \u0219lefuie\u0219te \u00een \u0219coal\u0103, se maturizeaz\u0103 \u00een societate. Astfel, ob\u021bii un diamant numit \u201epersonalitate\u201d. De educa\u021bie depinde str\u0103lucirea lui. Dar trebuie s\u0103 \u0219ti\u021bi din start c\u0103 a fi personalitate \u00eenseamn\u0103 a munci \u00een permanen\u021b\u0103 pentru afirmarea ei. Nic\u0103ieri \u00een lume nu ne a\u0219teapt\u0103 nimeni cu flori de mul\u021bumire \u0219i recuno\u0219tin\u021b\u0103. Doar meritele personale te sus\u021bin. Urcu\u0219ul spre succes e foarte anevoios. La fiece pas ai de escaladat obstacole. Mereu te confrun\u021bi cu al\u021bi ambi\u021bio\u0219i care, ca \u0219i tine, \u00ee\u0219i doresc s\u0103 fie primii. Concuren\u021ba e acerb\u0103! Rezist\u0103 doar cei mai buni, cei care \u0219i-au c\u0103lit voin\u021ba \u00eenc\u0103 din b\u0103ncile \u0219colii. Ca s\u0103 ajungi \u00een v\u00e2rf, nu trebuie s\u0103 te mul\u021bume\u0219ti cu victoria zilei curente. Trebuie s\u0103 \u00eenvingi \u00een fiecare zi (\u00een primul r\u00e2nd &#8211; neajunsurile personale)&#8230; E o adev\u0103rat\u0103 art\u0103, dominat\u0103 de psihologie \u0219i \u00eenfr\u0103\u021bit\u0103 cu pedagogia. Cine ar rezista tenta\u021biei de\u00a0 a-\u0219i deschide sufletul spre ea? E universul care m-a acaparat din tinere\u021be, devenind, cu timpul, voca\u021bia sau poate chiar destinul meu.<strong><br \/>\n<\/strong><strong>\u00a0&#8211; C\u00e2nd v-a\u021bi dat seama pentru prima dat\u0103 c\u0103 exist\u0103 putere \u00een cuvintele dumneavoastr\u0103, de psiholog, director de \u0219coal\u0103 \u0219i de scriitor?<\/strong><\/span><\/p>\n<p style=\"color: black; text-align: left;\"><span style=\"font-size: 14pt;\">\u00a0 \u00a0\u2013 Cunoa\u0219te\u021bi cu to\u021bii afirma\u021bia biblic\u0103: \u201eLa \u00eenceput a fost Cuv\u00e2ntul\u201d&#8230; V\u0103 asigur c\u0103 nu e doar un enun\u021b frumos. Cuv\u00e2ntul a dat na\u0219tere \u00eentregii lumi. \u00cens\u0103\u0219i civiliza\u021bia terestr\u0103 e construit\u0103 din cuvinte. F\u0103r\u0103 ele, n-ar exista comunicare, iar, f\u0103r\u0103 comunicare, omul ar r\u0103m\u00e2ne un simplu animal. Dumnezeu, c\u00e2nd a vrut s\u0103 pedepseasc\u0103 ambi\u021bia nes\u0103buit\u0103 a oamenilor care s-au apucat s\u0103 construiasc\u0103 Turnul Babel, le-a amestecat cuvintele \u0219i, astfel, le-a \u00eentrerupt comunicarea: barierele lingvistice au transformat Turnul \u00eentr-o ruin\u0103. Deci, cuv\u00e2ntul e o arm\u0103! El poate fi \u0219i leac, \u0219i otrav\u0103. Po\u021bi f\u0103uri minuni cu el, dar po\u021bi s\u0103-l preschimbi \u00een sabie, \u00een ur\u0103, \u00een r\u0103zboi. Scriitorul, ca \u0219i \u00eenv\u0103\u021b\u0103torul, este dator s\u0103 foloseasc\u0103 doar cuvintele aduc\u0103toare de lumin\u0103. Personal, mi-am dat seama de puterea cuvintelor din c\u0103r\u021bile mele c\u00e2nd un cititor mi-a m\u0103rturisit cu sinceritate: \u201eFiind internat \u00een spital, v-am citit \u201e<em>F\u0103r\u00e2mele de suflet<\/em>\u201d \u0219i am sim\u021bit c\u0103 m\u0103 ajut\u0103, c\u0103 au efect terapeutic.<\/span><br \/>\n<span style=\"font-size: 14pt;\">\u00a0 &#8211;<strong> A\u021bi fost vreodat\u0103 provocat de ideea\u00a0 de a v\u0103 schimba profesia sau, dimpotriv\u0103, arta \u0219i pedagogia au reprezentat din totdeauna sursa dumneavoastr\u0103 existen\u021bial\u0103?<\/strong><\/span><\/p>\n<p style=\"color: black; text-align: left;\"><span style=\"font-size: 14pt;\">\u2013 Via\u021ba are cu fiecare dintre noi o \u201esocoteal\u0103\u201d aparte. S-ar putea ca tot ce ni se \u00eent\u00e2mpl\u0103 de-a lungul vie\u021bii s\u0103 fie programat din timp. Neferici\u021bi sunt doar oamenii care merg \u00eempotriva destinului. C\u00e2nd se \u00eent\u00e2mpl\u0103 s\u0103 r\u0103t\u0103cim, ne ajut\u0103 \u00cengerii P\u0103zitori, readuc\u00e2ndu-ne \u00een albia firescului. Exemplul meu&#8230; La \u00eenceput,\u00a0 am visat s\u0103 devin pictor. M\u0103 \u0219i preg\u0103team s\u0103 dau examene de admitere la \u0219coala de pictur\u0103 \u201eIlia Repin\u201d din Chi\u0219in\u0103u. Dar o mare dezam\u0103gire a trecut peste mine ca un t\u0103v\u0103lug \u0219i, \u00een cele din urm\u0103, m-am \u00eenscris la Universitatea de Stat, sec\u021bia ziaristic\u0103. A\u0219 fi putut ajunge c\u00e2ndva redactorul unei reviste. Providen\u021ba \u00eens\u0103 era cu ochii pe destinul vostru. Avea nevoie ca cineva s\u0103 \u00eenfiin\u021beze Liceul \u201ePrometeu\u201d \u0219i, astfel, la finele anului doi, \u00eempreun\u0103 cu prietenii \u0219i colegii mei de grup\u0103 N. Dabija \u0219i V. Romanciuc, am fost exmatriculat din Universitate (pentru manifest\u0103ri na\u021bionaliste, cum au fost calificate ac\u021biunile noastre prin care ceream dreptul la libertatea cuv\u00e2ntului, la grafia latin\u0103, la cunoa\u0219terea adev\u0103rului istoric). Tocmai atunci, la B\u0103l\u021bi, a fost \u00eenfiin\u021bat\u0103 o sec\u021bie de psihologie \u00een cadrul facult\u0103\u021bii de pedagogie, unde m-am \u00eenscris, devenind \u0219eful promo\u021biei, apoi &#8211; asistent la catedra de psihologie a copilului. A urmat apoi doctorantura la Moscova, dup\u0103 care m-am \u00eentors la Chi\u0219in\u0103u, unde, \u00een 1980, am \u00eenfiin\u021bat primul Laborator de psihologie din Republica Moldova (la Institutul de Cercet\u0103ri \u0219tiin\u021bifice \u00een domeniul Pedagogiei). C\u00e2nd s-a destr\u0103mat Uniunea Sovietic\u0103 \u0219i, pe valul mi\u0219c\u0103rii de eliberare na\u021bional\u0103, s-a pus problema reform\u0103rii \u0219colii na\u021bionale, am \u00eenfiin\u021bat Asocia\u021bia de Crea\u021bie \u201eTOCONO\u201d (Totul Copiilor No\u0219tri) pe a c\u0103rei temelie am fondat ulterior (\u00een 1991) Liceul de Creativitate \u0219i Inventic\u0103 \u201ePrometeu\u201d&#8230; Iat\u0103, deci, un exemplu de soart\u0103 construit\u0103 ca un cerc, \u00een care am revenit mereu acolo unde trebuia s\u0103 ajung &#8211; adic\u0103 la voi, la cei de care depinde viitorul \u021a\u0103rii.<\/span><\/p>\n<p style=\"text-align: left;\"><span style=\"font-size: 14pt;\"><strong>\u00a0&#8211; Considera\u021bi c\u0103 a fi om este o art\u0103?<\/strong><\/span><\/p>\n<p style=\"color: black; text-align: left;\"><span style=\"font-size: 14pt;\">\u2013 A fi om este, \u00een primul r\u00e2nd, o datorie. Omul constituie un spectru psihologic foarte complicat, compus din intelect, voin\u021b\u0103, sentimente, caracter&#8230; Din combina\u021bia aceasta se nasc tot felul de persoane: eroi \u0219i tr\u0103d\u0103tori, sfin\u021bi \u0219i demoni, zei \u0219i fiare. Deci a fi om \u00eenseamn\u0103 a avea o nemaipomenit\u0103 responsabilitate fa\u021b\u0103 de al\u021bi oameni, \u00een primul r\u00e2nd \u2013 fa\u021b\u0103 de p\u0103rin\u021bii t\u0103i, fa\u021b\u0103 de neam, fa\u021b\u0103 de Patrie, de omenire. Suntem n\u0103scu\u021bi \u00een s\u00e2nul poporului rom\u00e2n, dar, ca p\u0103m\u00e2nteni, suntem cet\u0103\u021beni ai \u00eentregii umanit\u0103\u021bi. Purt\u0103m r\u0103spundere pentru destinul \u00eentregii civiliza\u021bii. De asta nu ne putem juca de-a via\u021ba. Trebuie s\u0103 \u0219tim a sta la c\u00e2rma ei. Doar cei mai bine preg\u0103ti\u021bi sunt admi\u0219i aici. Or, voi, elevii de la \u201ePrometeu-Protalent\u201d, ave\u021bi toate \u0219ansele s\u0103 deveni\u021bi adev\u0103ra\u021bi purt\u0103tori de stindarde!<\/span><\/p>\n<p style=\"color: black; text-align: left;\"><span style=\"font-size: 14pt;\">\u00a0 \u00a0 \u00a0 \u00a0 \u00a0 \u00a0 <strong>\u00a0&#8211; Cum face\u021bi fa\u021b\u0103 provoc\u0103rilor \u0219i ce calit\u0103\u021bi v\u0103 definesc atunci c\u00e2nd \u00eencerca\u021bi s\u0103 dep\u0103\u0219i\u021bi obstacole?<\/strong><\/span><\/p>\n<p style=\"color: black; text-align: left;\"><span style=\"font-size: 14pt;\">\u2013 Nu-mi pot imagina destinul ca pe un drum pres\u0103rat cu flori. E mai degrab\u0103 un urcu\u0219 anevoios, cu foarte multe obstacole \u0219i \u00eencerc\u0103ri ce ne consum\u0103, ne dezam\u0103gesc, ne deruteaz\u0103. E suficient s\u0103 te opre\u0219ti sau s\u0103 dai \u00eenapoi, ca cel mai mare du\u0219man al t\u0103u imediat s\u0103-\u021bi pun\u0103 be\u021be \u00een roate, transform\u00e2ndu-te \u00eentr-un ratat. \u0218ti\u021bi unde se afl\u0103 el, acest du\u0219man necru\u021b\u0103tor? \u00cen noi \u00een\u0219ine! Poart\u0103 numele de ,,lenevie&#8221;, ,,egoism&#8221;, ,,invidie&#8221;, ,,r\u0103utate&#8221;, ,,plictiseal\u0103&#8221;, ,,ur\u0103&#8221; \u0219i o mul\u021bime de alte neajunsuri asem\u0103n\u0103toare. St\u0103 mereu la p\u00e2nd\u0103 \u0219i nu scap\u0103 nici o ocazie s\u0103 ne \u00eendep\u0103rteze de succes. Nu-l l\u0103sa\u021bi s\u0103 v\u0103 domine! \u00cenfrunta\u021bi-l! \u021aine\u021bi-l la respect! Doar a\u0219a ve\u021bi reu\u0219i s\u0103 face\u021bi fa\u021b\u0103 provoc\u0103rilor, apropiindu-v\u0103, pas cu pas, de idealurile pe care le ave\u021bi \u00een fa\u021b\u0103.<\/span><\/p>\n<p style=\"text-align: left;\"><span style=\"font-size: 14pt;\"><strong>\u00a0<\/strong><\/span><\/p>\n<p style=\"color: black; text-align: left;\"><span style=\"font-size: 14pt;\">\u00a0 \u00a0 \u00a0 \u00a0 \u00a0 \u00a0<strong> &#8211; Men\u021biona\u021bi o carte sau un autor care v-a influen\u021bat ca scriitor. \u00cen ce mod s-a realizat aceast\u0103 conexiune?<\/strong><\/span><\/p>\n<p style=\"color: black; text-align: left;\"><span style=\"font-size: 14pt;\">\u2013 Nu pot s\u0103 definitivez o list\u0103 de c\u0103r\u021bi necesare pentru a fi citite ca un \u201e\u00eendrumar\u201d. Cartea care m-a ajutat \u0219i m\u0103 va ajuta mereu e Biblia. G\u0103si\u021bi \u00een ea lucruri extraordinare, V\u0103 vor fi de folos \u00eentreaga via\u021b\u0103. E o carte de religie, dar \u0219i de cultur\u0103 general\u0103. Trebuie s\u0103 treci prin ea, ca s\u0103 ajungi la sine \u0219i la Dumnezeu.<\/span><\/p>\n<p style=\"text-align: left;\"><span style=\"font-size: 14pt;\"><strong>\u00a0 <\/strong><\/span><\/p>\n<p style=\"color: black; text-align: left;\"><span style=\"font-size: 14pt;\">\u00a0 \u00a0 \u00a0 \u00a0 \u00a0 \u00a0<strong> &#8211; Dac\u0103 a\u021bi scrie o carte despre dumneavoastr\u0103, care perioad\u0103 din via\u021b\u0103 ar c\u0103p\u0103ta o mai mare importan\u021b\u0103: copil\u0103ria, adolescen\u021ba, primii ani de maturitate?<\/strong><\/span><\/p>\n<p style=\"color: black; text-align: left;\"><span style=\"font-size: 14pt;\">\u2013 \u00cenainte s\u0103 v\u0103 r\u0103spund, v-a\u0219 \u00eentreba mai \u00eent\u00e2i: care e cea mai importan\u021b\u0103 zi a s\u0103pt\u0103m\u00e2nii? R\u0103spunsul este urm\u0103torul: cea mai important\u0103 zi a s\u0103pt\u0103m\u00e2nii este <u>azi<\/u>, indiferent c\u0103 e luni, mar\u021bi, s\u00e2mb\u0103t\u0103 sau duminic\u0103. Tr\u0103im \u00een prezent.\u00a0 Exist\u0103m doar \u00een acest moment. De aceea, dac\u0103 a\u0219 scrie ceva, m-a\u0219 ancora \u00een prezent. Am avut ocazia s\u0103 scriu \u0219i despre copil\u0103rie, la provocarea prietenului meu Iulian Filip. A\u0219a a ap\u0103rut cartea \u201e\u00cengerii dispar \u00een ploaie\u201d. Ve\u021bi g\u0103si \u00een ea anumite momente din copil\u0103ria mea. \u00centr-o proz\u0103 scurt\u0103, reproduc, de exemplu, o situa\u021bie foarte sugestiv\u0103, legat\u0103 de \u0219coal\u0103&#8230; \u021ain minte c\u0103 odat\u0103 am gre\u0219it cu ceva \u0219i l-am sup\u0103rat pe tata. Dar, \u00een loc s\u0103 m\u0103 certe, el m-a avertizat: \u201eM\u00e2ine, \u00ee\u021bi interzic s\u0103 mergi la \u0219coal\u0103\u201d. \u201eDe ce?\u201d m-am revoltat, iar tata m-a l\u0103murit: \u201e\u00cenv\u0103\u021b\u0103tura e un privilegiu pe care trebuie s\u0103-l meri\u021bi\u201d. A\u0219a a \u0219i r\u0103mas \u00een via\u021ba mea \u00eenv\u0103\u021b\u0103tura drept un mare privilegiu. Fac tot ce-mi st\u0103 \u00een putere, ca s\u0103-l merit.<strong>\u00a0<\/strong><\/span><\/p>\n<p style=\"color: black; text-align: left;\"><span style=\"font-size: 14pt;\">\u00a0 \u00a0 \u00a0 \u00a0 \u00a0<strong> &#8211; Dac\u0103 v-a\u021bi \u00eentoarce \u00een timp, av\u00e2nd aceea\u0219i v\u00e2rst\u0103 ca noi, ce sfaturi v-a\u021bi oferi \u0219tiind deja ce v\u0103 rezerv\u0103 via\u021ba, ce e bine \u0219i ce e mai pu\u021bin bine?<\/strong><\/span><\/p>\n<p style=\"color: black; text-align: left;\"><span style=\"font-size: 14pt;\">\u00a0 \u00a0 \u00a0 \u00a0 \u00a0 \u00a0 <strong>Care sunt regretele dumneavoastr\u0103 \u0219i ce a\u021bi schimba,poate, din unele momente pe care le-a\u021bi tr\u0103it?<\/strong><\/span><\/p>\n<p style=\"color: black; text-align: left;\"><span style=\"font-size: 14pt;\">\u2013 S\u0103 te \u00eentorci \u00een timp&#8230; Frumoas\u0103 perspectiv\u0103! Doar c\u0103 timpul, odat\u0103 pierdut, nu mai poate fi restituit. Banii, averea (uneori, chiar \u0219i iubirea) pot fi recuperate. Timpul (ca \u0219i demnitatea) &#8211; nu! Po\u021bi doar s\u0103 nu-l pierzi \u00een viitor. Or, pentru asta, trebuie s\u0103 \u00een\u021belegi c\u0103 via\u021ba nu e ve\u0219nic\u0103. E trec\u0103toare. Ni se ofer\u0103 doar c\u00e2teva cr\u00e2mpeie, ca s-o \u00eembog\u0103\u021bim cu sens. Poate c\u0103 aici a\u0219 reveni cu anumite complet\u0103ri: a\u0219 \u00eencerca s\u0103 fiu mai ordonat, mai harnic, mai generos cu cei care a\u0219teapt\u0103 s\u0103-i ajut. Referitor la voi, a\u0219 fi \u00eenc\u00e2ntat s\u0103 am asemenea colegi. Sunte\u021bi inteligen\u021bi \u0219i talenta\u021bi. A\u0219 avea ce s\u0103 \u00eenv\u0103\u021b de la voi. A\u0219 fi \u0219i eu foarte m\u00e2ndru s\u0103 fiu elev la \u201ePrometeu-Protalent\u201d!<\/span><\/p>\n<p style=\"color: black; text-align: left;\"><span style=\"font-size: 14pt;\">\u00a0 \u00a0 \u00a0 \u00a0 \u00a0 \u00a0 \u00a0 &#8211;<strong> Care este filosofia fericirii \u0219i care sunt sursele z\u00e2mbetului, ale optimismului \u0219i entuziasmului ce se oglindesc \u00een fiecare zi pe chipul dumneavoastr\u0103?<\/strong><\/span><\/p>\n<p style=\"color: black; text-align: left;\"><span style=\"font-size: 14pt;\">\u2013 Fericirea nu e un scop \u00een sine. Ca s\u0103 fii fericit, trebuie s\u0103 te \u0219tii \u00eemplinit. Or, pentru asta ai nevoie doar de dou\u0103 lucruri: o dragoste \u0219i o voca\u021bie, dar ambele adev\u0103rate! Eu m\u0103 consider fericit, deoarece le am pe am\u00e2ndou\u0103. \u0218i, cel mai important: nu m\u0103 opresc din drum. \u201eCeea ce tu construie\u0219ti cu greu \u00eentr-o via\u021b\u0103, al\u021bii pot demola \u00eentr-o singur\u0103 zi. Tu \u00eens\u0103, continu\u0103 s\u0103 construie\u0219ti!\u201d ne \u00eendemna Maica Tereza. E un principiu de via\u021b\u0103! L-am urmat, \u00eenainte s\u0103-l cunosc. V-a\u0219 \u00eendemna \u0219i pe voi s\u0103-l prelua\u021bi. Nu ve\u021bi g\u0103si o motiva\u021bie mai optimist\u0103. G\u00e2ndi\u021bi-v\u0103 la viitor. Uita\u021bi de pierderi. Nu v\u0103 axa\u021bi pe nepl\u0103ceri. Nu v\u0103 consuma\u021bi cu nimicuri. Via\u021ba e lumin\u0103. Doar merg\u00e2nd spre ea ve\u021bi da de fericire. Fire\u0219te, nu e u\u0219or. Ave\u021bi de dus o cruce (adeseori &#8211; deosebit de grea). Dar m\u00e2ng\u00e2ia\u021bi-v\u0103 cu g\u00e2ndul c\u0103 Dumnezeu pune cele mai grele sarcini pe umerii celor mai vrednici dintre oameni. Fi\u021bi de n\u0103dejde! Fi\u021bi optimi\u0219ti! Entuziasmul, munca \u0219i talentul sunt mereu \u00eenving\u0103tori!<\/span><\/p>\n<\/div><div class=\"fusion-clearfix\"><\/div><\/div><\/div><\/div><\/div>\n","protected":false},"excerpt":{"rendered":"","protected":false},"author":1,"featured_media":0,"parent":3769,"menu_order":0,"comment_status":"closed","ping_status":"closed","template":"","meta":{"_price":"","_stock":"","_tribe_ticket_header":"","_tribe_default_ticket_provider":"","_tribe_ticket_capacity":"0","_ticket_start_date":"","_ticket_end_date":"","_tribe_ticket_show_description":"","_tribe_ticket_show_not_going":false,"_tribe_ticket_use_global_stock":"","_tribe_ticket_global_stock_level":"","_global_stock_mode":"","_global_stock_cap":"","_tribe_rsvp_for_event":"","_tribe_ticket_going_count":"","_tribe_ticket_not_going_count":"","_tribe_tickets_list":"[]","_tribe_ticket_has_attendee_info_fields":false,"footnotes":""},"class_list":["post-3810","page","type-page","status-publish","hentry"],"ticketed":false,"_links":{"self":[{"href":"https:\/\/www.liceulprometeuprotalent.md\/index.php?rest_route=\/wp\/v2\/pages\/3810","targetHints":{"allow":["GET"]}}],"collection":[{"href":"https:\/\/www.liceulprometeuprotalent.md\/index.php?rest_route=\/wp\/v2\/pages"}],"about":[{"href":"https:\/\/www.liceulprometeuprotalent.md\/index.php?rest_route=\/wp\/v2\/types\/page"}],"author":[{"embeddable":true,"href":"https:\/\/www.liceulprometeuprotalent.md\/index.php?rest_route=\/wp\/v2\/users\/1"}],"replies":[{"embeddable":true,"href":"https:\/\/www.liceulprometeuprotalent.md\/index.php?rest_route=%2Fwp%2Fv2%2Fcomments&post=3810"}],"version-history":[{"count":5,"href":"https:\/\/www.liceulprometeuprotalent.md\/index.php?rest_route=\/wp\/v2\/pages\/3810\/revisions"}],"predecessor-version":[{"id":4865,"href":"https:\/\/www.liceulprometeuprotalent.md\/index.php?rest_route=\/wp\/v2\/pages\/3810\/revisions\/4865"}],"up":[{"embeddable":true,"href":"https:\/\/www.liceulprometeuprotalent.md\/index.php?rest_route=\/wp\/v2\/pages\/3769"}],"wp:attachment":[{"href":"https:\/\/www.liceulprometeuprotalent.md\/index.php?rest_route=%2Fwp%2Fv2%2Fmedia&parent=3810"}],"curies":[{"name":"wp","href":"https:\/\/api.w.org\/{rel}","templated":true}]}}